{"id":1022,"date":"2015-09-07T14:19:22","date_gmt":"2015-09-07T14:19:22","guid":{"rendered":"http:\/\/allfilm.ee\/et\/sample-page\/"},"modified":"2016-04-20T11:14:46","modified_gmt":"2016-04-20T11:14:46","slug":"eas-projektid","status":"publish","type":"page","link":"https:\/\/allfilm.ee\/et\/eas-projektid\/","title":{"rendered":"EAS Projektid"},"content":{"rendered":"<p>EU4900 projekti &#8220;Eesti filmit\u00f6\u00f6stuse arenduskeskus&#8221; eesm\u00e4rk on koost\u00f6\u00f6s filmivaldkonna v\u00f5tmeorganisatsioonide, haridusasutuste ja ettev\u00f5tluspartneritega Eesti filmit\u00f6\u00f6stuse ettev\u00f5tlusv\u00f5imekuse kasvatamine, rahvusvahelise konkurentsiv\u00f5ime tugevdamine ning koost\u00f6\u00f6 tihendamine teiste valdkondade ettev\u00f5tjatega.<\/p>\n<p>Projekt k\u00e4sitleb filmit\u00f6\u00f6stust kogu tema v\u00e4\u00e4rtusahelas, p\u00f6\u00f6rates senisest olulisemalt suuremat t\u00e4helepanu eesti filmide tootmise ja turundamise k\u00f5rval ka allhanke- ja kaastootmisprojektidele, Eesti kui filmitootmismaa potentsiaali oluliselt t\u00f5husamale rakendamisele, filmivaldkonna tehnoloogiate arendamisega seotud ettev\u00f5tete ekspordiv\u00f5imekusele ning Eestis filmitavate rahvusvaheliste projektide tehnilise v\u00f5imekuse tugevdamisele.<\/p>\n<p>Projekti tulemusena on eesti filmid rahvusvaheliselt tuntumad, Eesti filmiettev\u00f5tjad konkurentsiv\u00f5imelisemad (kasvavad nii m\u00fc\u00fcgi- kui ekspordik\u00e4ibed), allhanke- ja kaastootmisprojektide Eestisse toomise tulemusena j\u00e4\u00e4b Eesti majandusse tervikuna senisest oluliselt rohkem vahendeid, millest saavad kasu nii filmiprofessionaalid kui \u00fclej\u00e4\u00e4nud teenindussektor. See omakorda t\u00f5stab Eesti rahvusvahelist mainet ja muudab Eestit turismisihtkohana senisest veelgi atraktiivsemaks.<\/p>\n<p>Projekti periood 1.07.2015 &#8211; 30.06.2017<br \/>\nEAS toetas projekti loomemajanduse turgistruktuuride toetusskeemist 300 000 euroga. Projekti kogueelarve on 399 250 eurot.<\/p>\n<p>Kontakt: Eda Koppel, Eesti Filmi Instituudi turundusjuht, EU49200 projektijuht<\/p>\n","protected":false},"excerpt":{"rendered":"<p>EU4900 projekti &#8220;Eesti filmit\u00f6\u00f6stuse arenduskeskus&#8221; eesm\u00e4rk on koost\u00f6\u00f6s filmivaldkonna v\u00f5tmeorganisatsioonide, haridusasutuste ja ettev\u00f5tluspartneritega Eesti filmit\u00f6\u00f6stuse ettev\u00f5tlusv\u00f5imekuse kasvatamine, rahvusvahelise konkurentsiv\u00f5ime tugevdamine ning koost\u00f6\u00f6 tihendamine teiste valdkondade ettev\u00f5tjatega. Projekt k\u00e4sitleb filmit\u00f6\u00f6stust kogu tema v\u00e4\u00e4rtusahelas, p\u00f6\u00f6rates senisest olulisemalt suuremat t\u00e4helepanu eesti filmide tootmise ja turundamise k\u00f5rval ka allhanke- ja kaastootmisprojektidele, Eesti kui filmitootmismaa potentsiaali oluliselt t\u00f5husamale rakendamisele, filmivaldkonna&#8230;<\/p>\n","protected":false},"author":1,"featured_media":1952,"parent":0,"menu_order":0,"comment_status":"open","ping_status":"open","template":"","meta":{"_acf_changed":false,"footnotes":""},"class_list":["post-1022","page","type-page","status-publish","has-post-thumbnail","hentry"],"acf":[],"_links":{"self":[{"href":"https:\/\/allfilm.ee\/et\/wp-json\/wp\/v2\/pages\/1022","targetHints":{"allow":["GET"]}}],"collection":[{"href":"https:\/\/allfilm.ee\/et\/wp-json\/wp\/v2\/pages"}],"about":[{"href":"https:\/\/allfilm.ee\/et\/wp-json\/wp\/v2\/types\/page"}],"author":[{"embeddable":true,"href":"https:\/\/allfilm.ee\/et\/wp-json\/wp\/v2\/users\/1"}],"replies":[{"embeddable":true,"href":"https:\/\/allfilm.ee\/et\/wp-json\/wp\/v2\/comments?post=1022"}],"version-history":[{"count":2,"href":"https:\/\/allfilm.ee\/et\/wp-json\/wp\/v2\/pages\/1022\/revisions"}],"predecessor-version":[{"id":2000,"href":"https:\/\/allfilm.ee\/et\/wp-json\/wp\/v2\/pages\/1022\/revisions\/2000"}],"wp:featuredmedia":[{"embeddable":true,"href":"https:\/\/allfilm.ee\/et\/wp-json\/wp\/v2\/media\/1952"}],"wp:attachment":[{"href":"https:\/\/allfilm.ee\/et\/wp-json\/wp\/v2\/media?parent=1022"}],"curies":[{"name":"wp","href":"https:\/\/api.w.org\/{rel}","templated":true}]}}